{"id":363,"date":"2020-02-17T20:26:50","date_gmt":"2020-02-17T20:26:50","guid":{"rendered":"https:\/\/dzungla.net\/radio-live\/?page_id=363"},"modified":"2025-03-20T09:16:44","modified_gmt":"2025-03-20T08:16:44","slug":"frekvencije","status":"publish","type":"page","link":"https:\/\/dzungla.net\/radio-live\/frekvencije\/","title":{"rendered":"Frekvencije"},"content":{"rendered":"<div id=\"td_uid_1_69dfc3434f5e3\" class=\"tdc-zone\"><div class=\"tdc_zone td_uid_1_69dfc3434f5e8_rand  wpb_row td-pb-row\"  >\n<style scoped>\n\n\/* custom css *\/\n.td_uid_1_69dfc3434f5e8_rand {\n                    min-height: 0;\n                }\n<\/style>\n\n<div id=\"td_uid_2_69dfc3434f8ca\" class=\"tdc-row\"><div class=\"vc_row td_uid_2_69dfc3434f8cd_rand  wpb_row td-pb-row\" >\n<style scoped>\n\n\/* custom css *\/\n.td_uid_2_69dfc3434f8cd_rand {\n                    min-height: 0;\n                }\n<\/style><div class=\"vc_column td_uid_3_69dfc3434fa03_rand  wpb_column vc_column_container tdc-column td-pb-span12\">\n<style scoped>\n\n\/* custom css *\/\n.td_uid_3_69dfc3434fa03_rand {\n                    vertical-align: baseline;\n                }\n<\/style><div class=\"wpb_wrapper\"><div class=\"td_block_wrap td_block_title td_uid_4_69dfc3434fb03_rand td-pb-border-top td_block_template_1\"  data-td-block-uid=\"td_uid_4_69dfc3434fb03\" >\n<style>\n\n\/* inline tdc_css att *\/\n\n.td_uid_4_69dfc3434fb03_rand{\nmargin-bottom:0px !important;\npadding-bottom:0px !important;\n}\n\n<\/style>\n<style>\n\/* custom css *\/\n.td_uid_4_69dfc3434fb03_rand .td-block-title a,\n\t\t\t\t.td_uid_4_69dfc3434fb03_rand .td-block-title span {\n\t\t\t\t\tfont-weight:300 !important;text-transform:uppercase !important;\n\t\t\t\t}\n\t\t\t\t\n\t\t\t\t.td_uid_4_69dfc3434fb03_rand .td-block-title {\n\t\t\t\t\ttext-align: left;\n\t\t\t\t}\n\t\t\t\t.td_uid_4_69dfc3434fb03_rand.td_block_template_17 .td-block-title:after {\n\t\t\t\t\tright: auto;\n\t\t\t\t\tleft: 15px;\n\t\t\t\t}\n<\/style><h4 class=\"block-title td-block-title\"><span class=\"td-pulldown-size\">Frekvencije<\/span><\/h4><div class=\"td_mod_wrap\"><\/div><\/div>\n\n<\/div><\/div><\/div><\/div>\n\n<div id=\"td_uid_4_69dfc3434fd22\" class=\"tdc-row\"><div class=\"vc_row td_uid_5_69dfc3434fd24_rand  wpb_row td-pb-row\" >\n<style scoped>\n\n\/* custom css *\/\n.td_uid_5_69dfc3434fd24_rand {\n                    min-height: 0;\n                }\n<\/style><div class=\"vc_column td_uid_6_69dfc3434fe6c_rand  wpb_column vc_column_container tdc-column td-pb-span6\">\n<style scoped>\n\n\/* custom css *\/\n.td_uid_6_69dfc3434fe6c_rand {\n                    vertical-align: baseline;\n                }\n<\/style><div class=\"wpb_wrapper\">\n\n<div class=\"wpb_wrapper td_block_single_image td_block_wrap  td-no-img-custom-url td_block_wrap vc_single_image td_uid_7_69dfc3434ff03_rand  td-single-image- td-pb-border-top td_block_template_1\"><a \n\t\t\tclass=\"td_single_image_bg\" \n\t\t\tstyle=\"background-image: url('https:\/\/dzungla.net\/radio-live\/wp-content\/uploads\/2019\/12\/mapa-radio.jpg'); background-size: cover; background-repeat: no-repeat; background-position: center center;\" \n\t\t\thref=\"#\"  \n\t\t\trel=\"bookmark\"><\/a>\n<style>\n\n\/* inline tdc_css att *\/\n\n.td_uid_7_69dfc3434ff03_rand{\nmargin-bottom:15px !important;\n}\n\n<\/style>\n<style>\n\/* custom css *\/\n.td_uid_7_69dfc3434ff03_rand .td_single_image_bg {\n\t\t\t\t    z-index: 1;\n\t\t\t\t}\n\t\t\t\t\n\t\t\t\t.td_uid_7_69dfc3434ff03_rand .td_single_image_bg {\n\t\t\t\t\theight: 400px;\n\t\t\t\t\tpadding-bottom: 0;\n\t\t\t\t}\n<\/style><\/div>\n\n<\/div><\/div><div class=\"vc_column td_uid_8_69dfc34350ec5_rand  wpb_column vc_column_container tdc-column td-pb-span6\">\n<style scoped>\n\n\/* custom css *\/\n.td_uid_8_69dfc34350ec5_rand {\n                    vertical-align: baseline;\n                }\n<\/style><div class=\"wpb_wrapper\"><div class=\"wpb_wrapper wpb_text_column td_block_wrap td_block_wrap vc_column_text td_uid_9_69dfc34350f6a_rand  tagdiv-type td-pb-border-top td_block_template_1\"  data-td-block-uid=\"td_uid_9_69dfc34350f6a\" ><div class=\"td-block-title-wrap\"><\/div><div class=\"td-fix-index\"><p style=\"background: white; margin: 0cm 0cm 19.5pt; text-align: justify;\"><span style=\"font-size: 11.5pt; font-family: 'Arial','sans-serif'; color: #222222;\">Program \u201cRadio D\u017eungle\u201d emituje se na tri frekvencije i to u RDS, stereo signalu za podru\u010dja regija Doboj i Tuzla FM 101,1 MHz, podru\u010dje grada Doboja i okoline FM 103,6 MHz, te podru\u010dje regija Banja Luka, Kotor Varo\u0161 i \u010celinac 92,0 MHz.<\/span><\/p>\n<p style=\"background: white; box-sizing: border-box; font-variant-ligatures: normal; font-variant-caps: normal; orphans: 2; text-align: justify; widows: 2; -webkit-text-stroke-width: 0px; text-decoration-style: initial; text-decoration-color: initial; word-spacing: 0px; margin: 0cm 0cm 19.5pt;\"><span style=\"font-size: 11.5pt; font-family: 'Arial','sans-serif'; color: #222222;\">FM 101,1 MHz ( predajna lokacija Runjavica )<\/span><\/p>\n<p><span style=\"font-size: 11.5pt; font-family: 'Arial','sans-serif'; color: #222222;\">FM 101,1 MHz ( predajna lokacija Ilin\u010dica )<\/span><\/p>\n<p style=\"background: white; box-sizing: border-box; font-variant-ligatures: normal; font-variant-caps: normal; orphans: 2; text-align: justify; widows: 2; -webkit-text-stroke-width: 0px; text-decoration-style: initial; text-decoration-color: initial; word-spacing: 0px; margin: 0cm 0cm 19.5pt;\"><span style=\"font-size: 11.5pt; font-family: 'Arial','sans-serif'; color: #222222;\">FM 103,6 MHz ( predajna lokacija Cigani\u0161te )<\/span><\/p>\n<p style=\"background: white; box-sizing: border-box; font-variant-ligatures: normal; font-variant-caps: normal; orphans: 2; text-align: justify; widows: 2; -webkit-text-stroke-width: 0px; text-decoration-style: initial; text-decoration-color: initial; word-spacing: 0px; margin: 0cm 0cm 19.5pt;\"><span style=\"font-size: 11.5pt; font-family: 'Arial','sans-serif'; color: #222222;\">FM 92,0 MHz ( predajna lokacija Lipovac )<\/span><\/p>\n<p style=\"background: white; box-sizing: border-box; font-variant-ligatures: normal; font-variant-caps: normal; orphans: 2; text-align: justify; widows: 2; -webkit-text-stroke-width: 0px; text-decoration-style: initial; text-decoration-color: initial; word-spacing: 0px; margin: 0cm 0cm 19.5pt;\"><span style=\"font-size: 11.5pt; font-family: 'Arial','sans-serif'; color: #222222;\">Direktan program \u201cRadio D\u017eungle\u201d ( I program ) u\u017eivo mo\u017eete slu\u0161ati putem radio streaminga na na\u0161oj web stranici: www.dzungla.net<\/span><\/p>\n<p style=\"background: white; box-sizing: border-box; font-variant-ligatures: normal; font-variant-caps: normal; orphans: 2; text-align: justify; widows: 2; -webkit-text-stroke-width: 0px; text-decoration-style: initial; text-decoration-color: initial; word-spacing: 0px; margin: 0cm 0cm 19.5pt;\"><span style=\"font-size: 11.5pt; font-family: 'Arial','sans-serif'; color: #222222;\">Slu\u0161aocima nudimo dva dodatna radio streaminga za \u201cII program\u201d i \u201cIII program\u201d, koje mo\u017eete slu\u0161ati isklju\u010divo putem interneta: www.dzungla.net<\/span><\/p>\n<p style=\"background: white; box-sizing: border-box; font-variant-ligatures: normal; font-variant-caps: normal; orphans: 2; text-align: justify; widows: 2; -webkit-text-stroke-width: 0px; text-decoration-style: initial; text-decoration-color: initial; word-spacing: 0px; margin: 0cm 0cm 19.5pt;\"><span style=\"font-size: 11.5pt; font-family: 'Arial','sans-serif'; color: #222222;\">Raspored emitovanja muzike:<\/span><\/p>\n<p style=\"background: white; box-sizing: border-box; font-variant-ligatures: normal; font-variant-caps: normal; orphans: 2; text-align: justify; widows: 2; -webkit-text-stroke-width: 0px; text-decoration-style: initial; text-decoration-color: initial; word-spacing: 0px; margin: 0cm 0cm 19.5pt;\"><span style=\"font-size: 11.5pt; font-family: 'Arial','sans-serif'; color: #222222;\">\u201cI program\u201d \u2013 aktuelna narodna i folk muzika<\/span><\/p>\n<p style=\"background: white; box-sizing: border-box; font-variant-ligatures: normal; font-variant-caps: normal; orphans: 2; text-align: justify; widows: 2; -webkit-text-stroke-width: 0px; text-decoration-style: initial; text-decoration-color: initial; word-spacing: 0px; margin: 0cm 0cm 19.5pt;\"><span style=\"font-size: 11.5pt; font-family: 'Arial','sans-serif'; color: #222222;\">\u201cII program\u201d \u2013 najve\u0107i hitovi doma\u0107e muzike<\/span><\/p>\n<p style=\"background: white; box-sizing: border-box; font-variant-ligatures: normal; font-variant-caps: normal; orphans: 2; text-align: justify; widows: 2; -webkit-text-stroke-width: 0px; text-decoration-style: initial; text-decoration-color: initial; word-spacing: 0px; margin: 0cm 0cm 19.5pt;\"><span style=\"font-size: 11.5pt; font-family: 'Arial','sans-serif'; color: #222222;\">\u201cIII program\u201d \u2013 najbolji strani noviteti, party \/ urban mix muzike<\/span><\/p>\n<\/div><\/div>\n\n<div class=\"vc_row_inner td_uid_10_69dfc34351821_rand  vc_row vc_inner wpb_row td-pb-row\" >\n<style scoped>\n\n\/* custom css *\/\n.td_uid_10_69dfc34351821_rand {\n                    position: relative !important;\n                    top: 0;\n                    transform: none;\n                    -webkit-transform: none;\n                }\n<\/style><div class=\"vc_column_inner td_uid_11_69dfc343518ae_rand  wpb_column vc_column_container tdc-inner-column td-pb-span3\">\n<style scoped>\n\n\/* custom css *\/\n.td_uid_11_69dfc343518ae_rand {\n                    vertical-align: baseline;\n                }\n<\/style><div class=\"vc_column-inner\"><div class=\"wpb_wrapper\"><\/div><\/div><\/div><div class=\"vc_column_inner td_uid_12_69dfc34351902_rand  wpb_column vc_column_container tdc-inner-column td-pb-span9\">\n<style scoped>\n\n\/* custom css *\/\n.td_uid_12_69dfc34351902_rand {\n                    vertical-align: baseline;\n                }\n<\/style><div class=\"vc_column-inner\"><div class=\"wpb_wrapper\"><div class=\"wpb_wrapper wpb_text_column td_block_wrap td_block_wrap vc_column_text td_uid_13_69dfc34351972_rand  tagdiv-type td-pb-border-top td_block_template_1\"  data-td-block-uid=\"td_uid_13_69dfc34351972\" ><div class=\"td-block-title-wrap\"><\/div><div class=\"td-fix-index\"><\/div><\/div><\/div><\/div><\/div><\/div><\/div><\/div><\/div><\/div><\/div><\/div>","protected":false},"excerpt":{"rendered":"","protected":false},"author":6,"featured_media":0,"parent":0,"menu_order":0,"comment_status":"open","ping_status":"closed","template":"","meta":{"footnotes":""},"class_list":["post-363","page","type-page","status-publish"],"_links":{"self":[{"href":"https:\/\/dzungla.net\/radio-live\/wp-json\/wp\/v2\/pages\/363","targetHints":{"allow":["GET"]}}],"collection":[{"href":"https:\/\/dzungla.net\/radio-live\/wp-json\/wp\/v2\/pages"}],"about":[{"href":"https:\/\/dzungla.net\/radio-live\/wp-json\/wp\/v2\/types\/page"}],"author":[{"embeddable":true,"href":"https:\/\/dzungla.net\/radio-live\/wp-json\/wp\/v2\/users\/6"}],"replies":[{"embeddable":true,"href":"https:\/\/dzungla.net\/radio-live\/wp-json\/wp\/v2\/comments?post=363"}],"version-history":[{"count":34,"href":"https:\/\/dzungla.net\/radio-live\/wp-json\/wp\/v2\/pages\/363\/revisions"}],"predecessor-version":[{"id":3289,"href":"https:\/\/dzungla.net\/radio-live\/wp-json\/wp\/v2\/pages\/363\/revisions\/3289"}],"wp:attachment":[{"href":"https:\/\/dzungla.net\/radio-live\/wp-json\/wp\/v2\/media?parent=363"}],"curies":[{"name":"wp","href":"https:\/\/api.w.org\/{rel}","templated":true}]}}