{"id":3299,"date":"2025-04-29T11:38:10","date_gmt":"2025-04-29T09:38:10","guid":{"rendered":"https:\/\/dzungla.net\/radio-live\/?page_id=3299"},"modified":"2025-04-29T11:44:18","modified_gmt":"2025-04-29T09:44:18","slug":"privacy-policy-dzungla-radio","status":"publish","type":"page","link":"https:\/\/dzungla.net\/radio-live\/privacy-policy-dzungla-radio\/","title":{"rendered":"Privacy Policy &#8211; D\u017eungla Radio"},"content":{"rendered":"\n<p>Privacy Policy \u2014 D\u017eungla Radio<br>Last updated: April 29, 2025<\/p>\n\n\n\n<p>D\u017eungla Radio aplikacija po\u0161tuje tvoju privatnost. Ova aplikacija ne prikuplja, ne skladi\u0161ti, niti dijeli tvoje li\u010dne podatke.<\/p>\n\n\n\n<p><strong>Informacije koje prikupljamo:<\/strong><br>Nema prikupljanja li\u010dnih podataka.<\/p>\n\n\n\n<p>Aplikacija koristi internet konekciju isklju\u010divo za streaming radija u\u017eivo.<\/p>\n\n\n\n<p><strong>Kako koristimo informacije?<\/strong><br>Aplikacija ne koristi nikakve informacije za pra\u0107enje, analizu ili reklamiranje.<\/p>\n\n\n\n<p>Internet konekcija se koristi samo za reprodukciju audio sadr\u017eaja.<\/p>\n\n\n\n<p><strong>Dijeljenje informacija:<\/strong><br>Ne dijelimo tvoje informacije sa tre\u0107im stranama.<\/p>\n\n\n\n<p><strong>Dje\u010dija privatnost:<\/strong><br>Na\u0161a aplikacija nije posebno usmjerena ka djeci mla\u0111oj od 13 godina.<\/p>\n\n\n\n<p>Ako vjerujete da je va\u0161e dijete dostavilo li\u010dne podatke putem aplikacije, molimo vas da nas kontaktirate, i mi \u0107emo odmah preduzeti korake da ih uklonimo.<\/p>\n\n\n\n<p><strong>Promjene ove politike:<\/strong><br>Povremeno mo\u017eemo a\u017eurirati ovu politiku. Sve izmjene \u0107e biti objavljene ovdje.<\/p>\n\n\n\n<p><strong>Kontakt:<\/strong><br>Ako imate bilo kakvih pitanja o ovoj politici privatnosti, kontaktirajte nas:<\/p>\n\n\n\n<p>\ud83d\udce9 Email: marketing@dzungla.net<br>\ud83c\udf0d Web stranica: https:\/\/www.dzungla.net\/radio-live\/<\/p>\n\n\n\n<p><\/p>\n","protected":false},"excerpt":{"rendered":"<p>Privacy Policy \u2014 D\u017eungla RadioLast updated: April 29, 2025 D\u017eungla Radio aplikacija po\u0161tuje tvoju privatnost. Ova aplikacija ne prikuplja, ne skladi\u0161ti, niti dijeli tvoje li\u010dne podatke. Informacije koje prikupljamo:Nema prikupljanja li\u010dnih podataka. Aplikacija koristi internet konekciju isklju\u010divo za streaming radija u\u017eivo. Kako koristimo informacije?Aplikacija ne koristi nikakve informacije za pra\u0107enje, analizu ili reklamiranje. Internet konekcija [&hellip;]<\/p>\n","protected":false},"author":6,"featured_media":0,"parent":0,"menu_order":0,"comment_status":"closed","ping_status":"closed","template":"","meta":{"footnotes":""},"class_list":["post-3299","page","type-page","status-publish"],"_links":{"self":[{"href":"https:\/\/dzungla.net\/radio-live\/wp-json\/wp\/v2\/pages\/3299","targetHints":{"allow":["GET"]}}],"collection":[{"href":"https:\/\/dzungla.net\/radio-live\/wp-json\/wp\/v2\/pages"}],"about":[{"href":"https:\/\/dzungla.net\/radio-live\/wp-json\/wp\/v2\/types\/page"}],"author":[{"embeddable":true,"href":"https:\/\/dzungla.net\/radio-live\/wp-json\/wp\/v2\/users\/6"}],"replies":[{"embeddable":true,"href":"https:\/\/dzungla.net\/radio-live\/wp-json\/wp\/v2\/comments?post=3299"}],"version-history":[{"count":3,"href":"https:\/\/dzungla.net\/radio-live\/wp-json\/wp\/v2\/pages\/3299\/revisions"}],"predecessor-version":[{"id":3303,"href":"https:\/\/dzungla.net\/radio-live\/wp-json\/wp\/v2\/pages\/3299\/revisions\/3303"}],"wp:attachment":[{"href":"https:\/\/dzungla.net\/radio-live\/wp-json\/wp\/v2\/media?parent=3299"}],"curies":[{"name":"wp","href":"https:\/\/api.w.org\/{rel}","templated":true}]}}