{"id":274,"date":"2020-02-14T11:48:00","date_gmt":"2020-02-14T11:48:00","guid":{"rendered":"https:\/\/dzungla.net\/radio-live\/?page_id=274"},"modified":"2025-02-01T13:41:26","modified_gmt":"2025-02-01T12:41:26","slug":"ekipa","status":"publish","type":"page","link":"https:\/\/dzungla.net\/radio-live\/ekipa\/","title":{"rendered":"Ekipa"},"content":{"rendered":"<div id=\"td_uid_1_69dfc34782ee6\" class=\"tdc-zone\"><div class=\"tdc_zone td_uid_1_69dfc34782eed_rand  wpb_row td-pb-row\"  >\n<style scoped>\n\n\/* custom css *\/\n.td_uid_1_69dfc34782eed_rand {\n                    min-height: 0;\n                }\n<\/style>\n\n<div id=\"td_uid_2_69dfc3478337d\" class=\"tdc-row\"><div class=\"vc_row td_uid_2_69dfc34783380_rand  wpb_row td-pb-row\" >\n<style scoped>\n\n\/* custom css *\/\n.td_uid_2_69dfc34783380_rand {\n                    min-height: 0;\n                }\n<\/style><div class=\"vc_column td_uid_3_69dfc34783584_rand  wpb_column vc_column_container tdc-column td-pb-span12\">\n<style scoped>\n\n\/* custom css *\/\n.td_uid_3_69dfc34783584_rand {\n                    vertical-align: baseline;\n                }\n<\/style><div class=\"wpb_wrapper\"><div class=\"td_block_wrap td_block_title td_uid_4_69dfc34783763_rand td-pb-border-top td_block_template_1\"  data-td-block-uid=\"td_uid_4_69dfc34783763\" >\n<style>\n\n\/* inline tdc_css att *\/\n\n.td_uid_4_69dfc34783763_rand{\nmargin-bottom:0px !important;\npadding-bottom:0px !important;\n}\n\n<\/style>\n<style>\n\/* custom css *\/\n.td_uid_4_69dfc34783763_rand .td-block-title a,\n\t\t\t\t.td_uid_4_69dfc34783763_rand .td-block-title span {\n\t\t\t\t\tfont-weight:300 !important;text-transform:uppercase !important;\n\t\t\t\t}\n\t\t\t\t\n\t\t\t\t.td_uid_4_69dfc34783763_rand .td-block-title {\n\t\t\t\t\ttext-align: left;\n\t\t\t\t}\n\t\t\t\t.td_uid_4_69dfc34783763_rand.td_block_template_17 .td-block-title:after {\n\t\t\t\t\tright: auto;\n\t\t\t\t\tleft: 15px;\n\t\t\t\t}\n<\/style><h4 class=\"block-title td-block-title\"><span class=\"td-pulldown-size\">EKIPA<\/span><\/h4><div class=\"td_mod_wrap\"><\/div><\/div><div class=\"vc_row_inner td_uid_5_69dfc34783b74_rand  vc_row vc_inner wpb_row td-pb-row\" >\n<style scoped>\n\n\/* custom css *\/\n.td_uid_5_69dfc34783b74_rand {\n                    position: relative !important;\n                    top: 0;\n                    transform: none;\n                    -webkit-transform: none;\n                }\n<\/style><div class=\"vc_column_inner td_uid_6_69dfc34783c82_rand  wpb_column vc_column_container tdc-inner-column td-pb-span3\">\n<style scoped>\n\n\/* custom css *\/\n.td_uid_6_69dfc34783c82_rand {\n                    vertical-align: baseline;\n                }\n<\/style><div class=\"vc_column-inner\"><div class=\"wpb_wrapper\">\n\n<img loading=\"lazy\" decoding=\"async\" class=\"alignnone size-medium wp-image-488\" src=\"https:\/\/dzungla.net\/radio-live\/wp-content\/uploads\/2020\/02\/adresa_radija-300x140.jpg\" alt=\"\" width=\"300\" height=\"140\" \/>\n\n<\/div><\/div><\/div>\n\n<div class=\"vc_column_inner td_uid_7_69dfc34783cf3_rand  wpb_column vc_column_container tdc-inner-column td-pb-span9\">\n<style scoped>\n\n\/* custom css *\/\n.td_uid_7_69dfc34783cf3_rand {\n                    vertical-align: baseline;\n                }\n<\/style><div class=\"vc_column-inner\"><div class=\"wpb_wrapper\">\n<p style=\"text-align: justify;\"><strong>Adresa<\/strong> &#8211; prostorije &#8220;Radio D\u017eungle&#8221; smje\u0161tene su na prvom spratu poslovne zgrade privrednog dru\u0161tva &#8220;D\u017eungla&#8221; d.o.o. Doboj, u ulici Nikole Pa\u0161i\u0107a broj 71.<\/p>\n<\/div><\/div><\/div><\/div><div class=\"vc_row_inner td_uid_8_69dfc34783d5e_rand  vc_row vc_inner wpb_row td-pb-row\" >\n<style scoped>\n\n\/* custom css *\/\n.td_uid_8_69dfc34783d5e_rand {\n                    position: relative !important;\n                    top: 0;\n                    transform: none;\n                    -webkit-transform: none;\n                }\n<\/style><div class=\"vc_column_inner td_uid_9_69dfc34783e0e_rand  wpb_column vc_column_container tdc-inner-column td-pb-span3\">\n<style scoped>\n\n\/* custom css *\/\n.td_uid_9_69dfc34783e0e_rand {\n                    vertical-align: baseline;\n                }\n<\/style><div class=\"vc_column-inner\"><div class=\"wpb_wrapper\">\n\n<img loading=\"lazy\" decoding=\"async\" class=\"alignnone size-medium wp-image-489\" src=\"https:\/\/dzungla.net\/radio-live\/wp-content\/uploads\/2020\/02\/tonac1-300x140.jpg\" alt=\"\" width=\"300\" height=\"140\" \/>\n\n<\/div><\/div><\/div><div class=\"vc_column_inner td_uid_10_69dfc34783e75_rand  wpb_column vc_column_container tdc-inner-column td-pb-span9\">\n<style scoped>\n\n\/* custom css *\/\n.td_uid_10_69dfc34783e75_rand {\n                    vertical-align: baseline;\n                }\n<\/style><div class=\"vc_column-inner\"><div class=\"wpb_wrapper\">\n<p style=\"text-align: justify;\"><strong>Nikola Stankovi\u0107<\/strong> \u2013 realizator programa\/tonski tehni\u010dar, 1990. godi\u0161te. Master saobra\u0107aja (telekomunikacije). Voli muziku, fudbal, nauku i tehnologiju. Meteoropata. Osjeti promjenu vremena pet dana unaprijed. Njegova vremenska prognoza je ta\u010dnija od meteorolo\u0161kih satelita. \u010clan D\u017eungla tima od 2014. godine.<\/p>\n<\/div><\/div><\/div><\/div><div class=\"vc_row_inner td_uid_11_69dfc34783ee4_rand  vc_row vc_inner wpb_row td-pb-row\" >\n<style scoped>\n\n\/* custom css *\/\n.td_uid_11_69dfc34783ee4_rand {\n                    position: relative !important;\n                    top: 0;\n                    transform: none;\n                    -webkit-transform: none;\n                }\n<\/style><div class=\"vc_column_inner td_uid_12_69dfc34783fb6_rand  wpb_column vc_column_container tdc-inner-column td-pb-span3\">\n<style scoped>\n\n\/* custom css *\/\n.td_uid_12_69dfc34783fb6_rand {\n                    vertical-align: baseline;\n                }\n<\/style><div class=\"vc_column-inner\"><div class=\"wpb_wrapper\">\n\n<img loading=\"lazy\" decoding=\"async\" class=\"alignnone size-medium wp-image-497\" src=\"https:\/\/dzungla.net\/radio-live\/wp-content\/uploads\/2020\/02\/voditelj2-300x140.jpg\" alt=\"\" width=\"300\" height=\"140\" \/>\n\n<\/div><\/div><\/div><div class=\"vc_column_inner td_uid_13_69dfc34784016_rand  wpb_column vc_column_container tdc-inner-column td-pb-span9\">\n<style scoped>\n\n\/* custom css *\/\n.td_uid_13_69dfc34784016_rand {\n                    vertical-align: baseline;\n                }\n<\/style><div class=\"vc_column-inner\"><div class=\"wpb_wrapper\">\n<p style=\"text-align: justify;\"><strong>Valentina Stani\u0161i\u0107<\/strong> &#8211; voditeljka, 1975. godi\u0161te. Profesorka klavira i dirigent. Obo\u017eava ponedeljak, ali prespavati ako je to ikako mogu\u0107e. Ne\u0107e da prizna da je meteoropata. Voli pogledati dobar film, te poslu\u0161ati dobru pjesmu. Hrani se zdravo. \u010clan D\u017eungla tima od 2017. godine.<\/p>\n<\/div><\/div><\/div><\/div><div class=\"vc_row_inner td_uid_14_69dfc34784079_rand  vc_row vc_inner wpb_row td-pb-row\" >\n<style scoped>\n\n\/* custom css *\/\n.td_uid_14_69dfc34784079_rand {\n                    position: relative !important;\n                    top: 0;\n                    transform: none;\n                    -webkit-transform: none;\n                }\n<\/style><div class=\"vc_column_inner td_uid_15_69dfc3478413e_rand  wpb_column vc_column_container tdc-inner-column td-pb-span3\">\n<style scoped>\n\n\/* custom css *\/\n.td_uid_15_69dfc3478413e_rand {\n                    vertical-align: baseline;\n                }\n<\/style><div class=\"vc_column-inner\"><div class=\"wpb_wrapper\">\n\n<img loading=\"lazy\" decoding=\"async\" class=\"alignnone size-medium wp-image-495\" src=\"https:\/\/dzungla.net\/radio-live\/wp-content\/uploads\/2020\/02\/voditelj-300x140.jpg\" alt=\"\" width=\"300\" height=\"140\" \/>\n\n<\/div><\/div><\/div><div class=\"vc_column_inner td_uid_16_69dfc347841a5_rand  wpb_column vc_column_container tdc-inner-column td-pb-span9\">\n<style scoped>\n\n\/* custom css *\/\n.td_uid_16_69dfc347841a5_rand {\n                    vertical-align: baseline;\n                }\n<\/style><div class=\"vc_column-inner\"><div class=\"wpb_wrapper\">\n<p style=\"text-align: justify;\"><strong>Elvis Cviji\u0107 <\/strong>&#8211; voditelj, 1976. godi\u0161te. Voli engleski fudbal (omiljeni klub Liverpul). Omiljeno alkoholno pi\u0107e \u2013 pelinkovac. Meteoroapta je, kao i njegov kolega Nikola. Uglavnom voli ustajati rano, oko 10h. Ponekad igra kladionicu. Za svaki tiket ka\u017ee da je dobitni, iako se na prste jedne ruke mogu izbrojiti ti \u201edobitni tiketi\u201c. \u010clan D\u017eungla tima od (ne zna ni on od kada \u2013 tako ka\u017ee).<\/p>\n<\/div><\/div><\/div><\/div><div class=\"vc_row_inner td_uid_17_69dfc3478420f_rand  vc_row vc_inner wpb_row td-pb-row\" >\n<style scoped>\n\n\/* custom css *\/\n.td_uid_17_69dfc3478420f_rand {\n                    position: relative !important;\n                    top: 0;\n                    transform: none;\n                    -webkit-transform: none;\n                }\n<\/style><div class=\"vc_column_inner td_uid_18_69dfc347842da_rand  wpb_column vc_column_container tdc-inner-column td-pb-span3\">\n<style scoped>\n\n\/* custom css *\/\n.td_uid_18_69dfc347842da_rand {\n                    vertical-align: baseline;\n                }\n<\/style><div class=\"vc_column-inner\"><div class=\"wpb_wrapper\">\n\n<img loading=\"lazy\" decoding=\"async\" class=\"alignnone size-medium wp-image-499\" src=\"https:\/\/dzungla.net\/radio-live\/wp-content\/uploads\/2020\/02\/marketing-300x140.jpg\" alt=\"\" width=\"300\" height=\"140\" \/>\n\n<\/div><\/div><\/div><div class=\"vc_column_inner td_uid_19_69dfc34784330_rand  wpb_column vc_column_container tdc-inner-column td-pb-span9\">\n<style scoped>\n\n\/* custom css *\/\n.td_uid_19_69dfc34784330_rand {\n                    vertical-align: baseline;\n                }\n<\/style><div class=\"vc_column-inner\"><div class=\"wpb_wrapper\">\n<p style=\"text-align: justify;\"><strong>Velibor Petrovi\u0107<\/strong> &#8211; voditelj &amp; marketing menad\u017eer, 1976. godi\u0161te. O\u017eenjen, otac dvoje djece. Alfa i omega D\u017eungla radija. Voli prirodu i \u0161etnju. Omiljeni napitak \u2013 \u010daj (koli\u010dina \u010daja koju popije za jedan dan, jednaka je koli\u010dini \u010daja koju sve kolege zajedno popiju za jednu sedmicu). \u010clan D\u017eungla tima od 1997. godine.<\/p>\n<\/div><\/div><\/div><\/div><\/div><\/div><\/div><\/div>\n\n\n\n\n\n<\/div><\/div>","protected":false},"excerpt":{"rendered":"","protected":false},"author":6,"featured_media":0,"parent":0,"menu_order":0,"comment_status":"closed","ping_status":"closed","template":"","meta":{"footnotes":""},"class_list":["post-274","page","type-page","status-publish"],"_links":{"self":[{"href":"https:\/\/dzungla.net\/radio-live\/wp-json\/wp\/v2\/pages\/274","targetHints":{"allow":["GET"]}}],"collection":[{"href":"https:\/\/dzungla.net\/radio-live\/wp-json\/wp\/v2\/pages"}],"about":[{"href":"https:\/\/dzungla.net\/radio-live\/wp-json\/wp\/v2\/types\/page"}],"author":[{"embeddable":true,"href":"https:\/\/dzungla.net\/radio-live\/wp-json\/wp\/v2\/users\/6"}],"replies":[{"embeddable":true,"href":"https:\/\/dzungla.net\/radio-live\/wp-json\/wp\/v2\/comments?post=274"}],"version-history":[{"count":21,"href":"https:\/\/dzungla.net\/radio-live\/wp-json\/wp\/v2\/pages\/274\/revisions"}],"predecessor-version":[{"id":3229,"href":"https:\/\/dzungla.net\/radio-live\/wp-json\/wp\/v2\/pages\/274\/revisions\/3229"}],"wp:attachment":[{"href":"https:\/\/dzungla.net\/radio-live\/wp-json\/wp\/v2\/media?parent=274"}],"curies":[{"name":"wp","href":"https:\/\/api.w.org\/{rel}","templated":true}]}}