{"id":154,"date":"2019-12-11T18:28:45","date_gmt":"2019-12-11T18:28:45","guid":{"rendered":"https:\/\/dzungla.net\/radio-live\/?page_id=154"},"modified":"2026-04-15T12:26:19","modified_gmt":"2026-04-15T10:26:19","slug":"kontakt","status":"publish","type":"page","link":"https:\/\/dzungla.net\/radio-live\/kontakt\/","title":{"rendered":"Kontakt"},"content":{"rendered":"<div id=\"td_uid_1_69dfc3330ee8f\" class=\"tdc-zone\"><div class=\"tdc_zone td_uid_1_69dfc3330ee97_rand  wpb_row td-pb-row\"  >\n<style scoped>\n\n\/* custom css *\/\n.td_uid_1_69dfc3330ee97_rand {\n                    min-height: 0;\n                }\n<\/style><div id=\"td_uid_2_69dfc3330f408\" class=\"tdc-row\"><div class=\"vc_row td_uid_2_69dfc3330f40b_rand  wpb_row td-pb-row\" >\n<style scoped>\n\n\/* custom css *\/\n.td_uid_2_69dfc3330f40b_rand {\n                    min-height: 0;\n                }\n<\/style><div class=\"vc_column td_uid_3_69dfc3330f50c_rand  wpb_column vc_column_container tdc-column td-pb-span6\">\n<style scoped>\n\n\/* custom css *\/\n.td_uid_3_69dfc3330f50c_rand {\n                    vertical-align: baseline;\n                }\n<\/style><div class=\"wpb_wrapper\"><div class=\"td_block_wrap td_block_title td_uid_4_69dfc3330f616_rand td-pb-border-top td_block_template_1\"  data-td-block-uid=\"td_uid_4_69dfc3330f616\" >\n<style>\n\n\/* inline tdc_css att *\/\n\n.td_uid_4_69dfc3330f616_rand{\nmargin-bottom:0px !important;\npadding-bottom:0px !important;\n}\n\n<\/style>\n<style>\n\/* custom css *\/\n.td_uid_4_69dfc3330f616_rand .td-block-title a,\n\t\t\t\t.td_uid_4_69dfc3330f616_rand .td-block-title span {\n\t\t\t\t\tfont-weight:300 !important;text-transform:uppercase !important;\n\t\t\t\t}\n\t\t\t\t\n\t\t\t\t.td_uid_4_69dfc3330f616_rand .td-block-title {\n\t\t\t\t\ttext-align: left;\n\t\t\t\t}\n\t\t\t\t.td_uid_4_69dfc3330f616_rand.td_block_template_17 .td-block-title:after {\n\t\t\t\t\tright: auto;\n\t\t\t\t\tleft: 15px;\n\t\t\t\t}\n<\/style><h4 class=\"block-title td-block-title\"><span class=\"td-pulldown-size\">KONTAKT INFO<\/span><\/h4><div class=\"td_mod_wrap\"><\/div><\/div><div class=\"wpb_wrapper wpb_text_column td_block_wrap td_block_wrap vc_column_text td_uid_5_69dfc3330f83c_rand  tagdiv-type td-pb-border-top td_block_template_1\"  data-td-block-uid=\"td_uid_5_69dfc3330f83c\" ><div class=\"td-block-title-wrap\"><\/div><div class=\"td-fix-index\"><p><strong>&#8220;D\u017eungla&#8221; d.o.o. Doboj<\/strong><br \/>\nPIB: 400012550009<br \/>\nJIB: 4400012550009<\/p>\n<p><strong>Ra\u010dunovodstvo<\/strong><br \/>\nTelefon: 063\/002-004<br \/>\nE-mail: racunovodstvodzungla@gmail.com<\/p>\n<p><strong>Radio &#8220;D\u017eungla&#8221; Doboj<\/strong><br \/>\nNikole Pa\u0161i\u0107a broj 71, 74 000 Doboj<\/p>\n<p><strong>Kontakt telefoni<\/strong><br \/>\nRe\u017eija (uklju\u010denja u program) : 063\/062-062<br \/>\nMarketing: 065\/140-540 <\/p>\n<p><strong>Kontakt broj sa slu\u0161aocima putem vibera<\/strong>: 063\/999-767<\/p>\n<p><strong>E-mail<\/strong>: marketing@dzungla.net<br \/>\n<strong>Web:<\/strong> www.dzungla.net<\/p>\n<p><strong>Facebook:<\/strong> <a href=\"http:\/\/www.facebook.com\/RadioDzunglaDoboj\" target=\"_blank\" rel=\"noopener noreferrer\">Radio D\u017eungla Doboj<\/a><br \/>\n<strong>Instagram:<\/strong> <a href=\"http:\/\/www.instagram.com\/radio_dzungla\" target=\"_blank\" rel=\"noopener noreferrer\">radio_dzungla<\/a><\/p>\n<\/div><\/div><\/div><\/div><div class=\"vc_column td_uid_6_69dfc333110c0_rand  wpb_column vc_column_container tdc-column td-pb-span6\">\n<style scoped>\n\n\/* custom css *\/\n.td_uid_6_69dfc333110c0_rand {\n                    vertical-align: baseline;\n                }\n<\/style><div class=\"wpb_wrapper\"><div class=\"td_block_wrap td_block_title td_uid_7_69dfc33311137_rand td-pb-border-top td_block_template_1\"  data-td-block-uid=\"td_uid_7_69dfc33311137\" >\n<style>\n\n\/* inline tdc_css att *\/\n\n.td_uid_7_69dfc33311137_rand{\nmargin-bottom:0px !important;\npadding-bottom:0px !important;\n}\n\n<\/style>\n<style>\n\/* custom css *\/\n.td_uid_7_69dfc33311137_rand .td-block-title a,\n\t\t\t\t.td_uid_7_69dfc33311137_rand .td-block-title span {\n\t\t\t\t\tfont-weight:300 !important;text-transform:uppercase !important;\n\t\t\t\t}\n\t\t\t\t\n\t\t\t\t.td_uid_7_69dfc33311137_rand .td-block-title {\n\t\t\t\t\ttext-align: left;\n\t\t\t\t}\n\t\t\t\t.td_uid_7_69dfc33311137_rand.td_block_template_17 .td-block-title:after {\n\t\t\t\t\tright: auto;\n\t\t\t\t\tleft: 15px;\n\t\t\t\t}\n<\/style><h4 class=\"block-title td-block-title\"><span class=\"td-pulldown-size\">SMS<\/span><\/h4><div class=\"td_mod_wrap\"><\/div><\/div><div class=\"wpb_wrapper wpb_text_column td_block_wrap td_block_wrap vc_column_text td_uid_8_69dfc33311287_rand  tagdiv-type td-pb-border-top td_block_template_1\"  data-td-block-uid=\"td_uid_8_69dfc33311287\" ><div class=\"td-block-title-wrap\"><\/div><div class=\"td-fix-index\"><p style=\"text-align: justify;\">Po\u0161aljite SMS poruku na slede\u0107i na\u010din: LAV (razmak) tekst poruke na broj 091\/610-102. Cijena slanja poruke putem mre\u017ee operatera &#8220;BH Telecom&#8221; i &#8220;HT Eronet&#8221; iznosi 1,20 KM + PDV, dok cijena usluge slanja poruke za mre\u017eu &#8220;MTel&#8221; iznosi 1,12 KM + PDV.<\/p>\n<p>Kontakt broj sa slu\u0161aocima putem vibera: 063\/999-767 ili iz inostranstva +387 63 999 767.<\/p>\n<p style=\"text-align: justify;\">VA\u017dNO OBAVJE\u0160TENJE ZA SLU\u0160AOCE: \u201eRadio D\u017eungla\u201c zadr\u017eava pravo da sve pristigle SMS poruke uvredljivog, neprikladnog i neprimjerenog sadr\u017eaja NE EMITUJE u kontakt programu u\u017eivo. Isto tako, vode\u0107i se neutralno\u0161\u0107u i po\u0161tovanjem svih oblika ravnopravnosti, zadr\u017eavamo pravo da odre\u0111ene pjesme ne emitujemo, bez obzira na to \u0161to su uredno tra\u017eene putem SMS poruke i viber servisa. Hvala na razumijevanju!<\/p>\n<\/div><\/div><\/div><\/div><\/div><\/div>\n\n<\/div><\/div>","protected":false},"excerpt":{"rendered":"","protected":false},"author":1,"featured_media":0,"parent":0,"menu_order":0,"comment_status":"open","ping_status":"closed","template":"","meta":{"footnotes":""},"class_list":["post-154","page","type-page","status-publish"],"_links":{"self":[{"href":"https:\/\/dzungla.net\/radio-live\/wp-json\/wp\/v2\/pages\/154","targetHints":{"allow":["GET"]}}],"collection":[{"href":"https:\/\/dzungla.net\/radio-live\/wp-json\/wp\/v2\/pages"}],"about":[{"href":"https:\/\/dzungla.net\/radio-live\/wp-json\/wp\/v2\/types\/page"}],"author":[{"embeddable":true,"href":"https:\/\/dzungla.net\/radio-live\/wp-json\/wp\/v2\/users\/1"}],"replies":[{"embeddable":true,"href":"https:\/\/dzungla.net\/radio-live\/wp-json\/wp\/v2\/comments?post=154"}],"version-history":[{"count":20,"href":"https:\/\/dzungla.net\/radio-live\/wp-json\/wp\/v2\/pages\/154\/revisions"}],"predecessor-version":[{"id":3351,"href":"https:\/\/dzungla.net\/radio-live\/wp-json\/wp\/v2\/pages\/154\/revisions\/3351"}],"wp:attachment":[{"href":"https:\/\/dzungla.net\/radio-live\/wp-json\/wp\/v2\/media?parent=154"}],"curies":[{"name":"wp","href":"https:\/\/api.w.org\/{rel}","templated":true}]}}