{"id":145,"date":"2019-12-07T14:50:14","date_gmt":"2019-12-07T13:50:14","guid":{"rendered":"https:\/\/dzungla.net\/radio-live\/?page_id=145"},"modified":"2025-08-06T11:06:24","modified_gmt":"2025-08-06T09:06:24","slug":"emisije","status":"publish","type":"page","link":"https:\/\/dzungla.net\/radio-live\/emisije\/","title":{"rendered":"Emisije"},"content":{"rendered":"<div id=\"td_uid_1_69dfc41cb707c\" class=\"tdc-zone\"><div class=\"tdc_zone td_uid_1_69dfc41cb7083_rand  wpb_row td-pb-row\"  >\n<style scoped>\n\n\/* custom css *\/\n.td_uid_1_69dfc41cb7083_rand {\n                    min-height: 0;\n                }\n<\/style>\n\n<div id=\"td_uid_2_69dfc41cb737e\" class=\"tdc-row\"><div class=\"vc_row td_uid_2_69dfc41cb7381_rand  wpb_row td-pb-row\" >\n<style scoped>\n\n\/* custom css *\/\n.td_uid_2_69dfc41cb7381_rand {\n                    min-height: 0;\n                }\n<\/style><div class=\"vc_column td_uid_3_69dfc41cb748f_rand  wpb_column vc_column_container tdc-column td-pb-span12\">\n<style scoped>\n\n\/* custom css *\/\n.td_uid_3_69dfc41cb748f_rand {\n                    vertical-align: baseline;\n                }\n<\/style><div class=\"wpb_wrapper\"><div class=\"td_block_wrap td_block_title td_uid_4_69dfc41cb7580_rand td-pb-border-top td_block_template_1\"  data-td-block-uid=\"td_uid_4_69dfc41cb7580\" >\n<style>\n\n\/* inline tdc_css att *\/\n\n.td_uid_4_69dfc41cb7580_rand{\nmargin-bottom:0px !important;\npadding-bottom:0px !important;\n}\n\n<\/style>\n<style>\n\/* custom css *\/\n.td_uid_4_69dfc41cb7580_rand .td-block-title a,\n\t\t\t\t.td_uid_4_69dfc41cb7580_rand .td-block-title span {\n\t\t\t\t\tfont-weight:300 !important;text-transform:uppercase !important;\n\t\t\t\t}\n\t\t\t\t\n\t\t\t\t.td_uid_4_69dfc41cb7580_rand .td-block-title {\n\t\t\t\t\ttext-align: left;\n\t\t\t\t}\n\t\t\t\t.td_uid_4_69dfc41cb7580_rand.td_block_template_17 .td-block-title:after {\n\t\t\t\t\tright: auto;\n\t\t\t\t\tleft: 15px;\n\t\t\t\t}\n<\/style><h4 class=\"block-title td-block-title\"><span class=\"td-pulldown-size\">Emisije<\/span><\/h4><div class=\"td_mod_wrap\"><\/div><\/div>\n\n<div id=\"td_uid_4_69dfc41cb77d2\" class=\"tdc-row\"><div class=\"vc_row td_uid_5_69dfc41cb77d4_rand  wpb_row td-pb-row\" >\n<style scoped>\n\n\/* custom css *\/\n.td_uid_5_69dfc41cb77d4_rand {\n                    min-height: 0;\n                }\n\/* inline tdc_css att *\/\n\n.td_uid_5_69dfc41cb77d4_rand{\nmargin-bottom:0px !important;\n}\n\n.td_uid_5_69dfc41cb77d4_rand .td_block_wrap{ text-align:left }\n\n<\/style><\/div><\/div><div class=\"vc_column td_uid_6_69dfc41cb7876_rand  wpb_column vc_column_container tdc-column td-pb-span12\">\n<style scoped>\n\n\/* custom css *\/\n.td_uid_6_69dfc41cb7876_rand {\n                    vertical-align: baseline;\n                }\n<\/style><div class=\"wpb_wrapper\"><\/div><\/div><\/div><\/div><\/div><\/div>\n\n<div id=\"td_uid_6_69dfc41cb78bb\" class=\"tdc-row\"><div class=\"vc_row td_uid_7_69dfc41cb78bc_rand  wpb_row td-pb-row\" >\n<style scoped>\n\n\/* custom css *\/\n.td_uid_7_69dfc41cb78bc_rand {\n                    min-height: 0;\n                }\n<\/style><div class=\"vc_column td_uid_8_69dfc41cb79c1_rand  wpb_column vc_column_container tdc-column td-pb-span12\">\n<style scoped>\n\n\/* custom css *\/\n.td_uid_8_69dfc41cb79c1_rand {\n                    vertical-align: baseline;\n                }\n<\/style><div class=\"wpb_wrapper\"><div class=\"vc_row_inner td_uid_9_69dfc41cb7a51_rand  vc_row vc_inner wpb_row td-pb-row\" >\n<style scoped>\n\n\/* custom css *\/\n.td_uid_9_69dfc41cb7a51_rand {\n                    position: relative !important;\n                    top: 0;\n                    transform: none;\n                    -webkit-transform: none;\n                }\n<\/style><div class=\"vc_column_inner td_uid_10_69dfc41cb7afe_rand  wpb_column vc_column_container tdc-inner-column td-pb-span4\">\n<style scoped>\n\n\/* custom css *\/\n.td_uid_10_69dfc41cb7afe_rand {\n                    vertical-align: baseline;\n                }\n<\/style><div class=\"vc_column-inner\"><div class=\"wpb_wrapper\">\n\n<img loading=\"lazy\" decoding=\"async\" class=\"alignnone wp-image-3322 size-full\" src=\"https:\/\/dzungla.net\/radio-live\/wp-content\/uploads\/2025\/08\/top_sport.png\" alt=\"\" width=\"300\" height=\"140\" \/>\n\n<\/div><\/div><\/div><div class=\"vc_column_inner td_uid_11_69dfc41cb7b3a_rand  wpb_column vc_column_container tdc-inner-column td-pb-span8\">\n<style scoped>\n\n\/* custom css *\/\n.td_uid_11_69dfc41cb7b3a_rand {\n                    vertical-align: baseline;\n                }\n<\/style><div class=\"vc_column-inner\"><div class=\"wpb_wrapper\">\n<p style=\"text-align: justify;\"><strong>&#8220;Top sport&#8221;<\/strong> &#8211; sve \u0161to \u017eelite da saznate o aktuelnim sportskim de\u0161avanjima, mo\u017eete poslu\u0161ati u emisiji &#8220;Top sport&#8221; koja je na rasporedu svake subote od 14:40 do 16:00 \u010dasova. Najatraktivnija sportska takmi\u010denja, prvenstva, utakmice ili me\u010devi, bilo da se radi o fudbalu, tenisu, odbojci, rukometu, ko\u0161arci ili atletici. Sve korisne informacije, najave i rezultate poslu\u0161ajte u emisiji koja je posve\u0107ena upravo sportu.<\/p>\n<\/div><\/div><\/div><\/div><div class=\"vc_row_inner td_uid_12_69dfc41cb7b70_rand  vc_row vc_inner wpb_row td-pb-row\" >\n<style scoped>\n\n\/* custom css *\/\n.td_uid_12_69dfc41cb7b70_rand {\n                    position: relative !important;\n                    top: 0;\n                    transform: none;\n                    -webkit-transform: none;\n                }\n<\/style>\n\n<div class=\"vc_column_inner td_uid_13_69dfc41cb7bdb_rand  wpb_column vc_column_container tdc-inner-column td-pb-span4\">\n<style scoped>\n\n\/* custom css *\/\n.td_uid_13_69dfc41cb7bdb_rand {\n                    vertical-align: baseline;\n                }\n<\/style><div class=\"vc_column-inner\"><div class=\"wpb_wrapper\">\n\n<img loading=\"lazy\" decoding=\"async\" class=\"alignnone wp-image-3324 size-medium\" src=\"https:\/\/dzungla.net\/radio-live\/wp-content\/uploads\/2025\/08\/dzunglo_jutro-300x140.jpg\" alt=\"\" width=\"300\" height=\"140\" srcset=\"https:\/\/dzungla.net\/radio-live\/wp-content\/uploads\/2025\/08\/dzunglo_jutro-300x140.jpg 300w, https:\/\/dzungla.net\/radio-live\/wp-content\/uploads\/2025\/08\/dzunglo_jutro.jpg 420w\" sizes=\"auto, (max-width: 300px) 100vw, 300px\" \/>\n\n<\/div><\/div><\/div><div class=\"vc_column_inner td_uid_14_69dfc41cb7c0e_rand  wpb_column vc_column_container tdc-inner-column td-pb-span8\">\n<style scoped>\n\n\/* custom css *\/\n.td_uid_14_69dfc41cb7c0e_rand {\n                    vertical-align: baseline;\n                }\n<\/style><div class=\"vc_column-inner\"><div class=\"wpb_wrapper\">\n<p style=\"text-align: justify;\"><strong>&#8220;D\u017eunglojutro&#8221;<\/strong> &#8211; zaplovite u novi dan uz jutarnji program &#8220;Radio D\u017eungle&#8221;. Svako jutro od ponedeljka do subote od 08:00 do 10:00 \u010dasova. O\u010dekuju Vas korisne i zanimljive informacije uz muziku za bu\u0111enje i bolji po\u010detak dana. Pratimo rad de\u017eurnih slu\u017ebi, donosimo aktuelne informacije o stanju na putnim pravcima i grani\u010dnim prelazima, predstavljamo vedre ljude i njihove \u017eivotne pri\u010de iz svih dijelova svijeta, govorimo o zdravlju i kako ga sa\u010duvati.<\/p>\n<\/div><\/div><\/div><\/div><div class=\"vc_row_inner td_uid_15_69dfc41cb7c3f_rand  vc_row vc_inner wpb_row td-pb-row\" >\n<style scoped>\n\n\/* custom css *\/\n.td_uid_15_69dfc41cb7c3f_rand {\n                    position: relative !important;\n                    top: 0;\n                    transform: none;\n                    -webkit-transform: none;\n                }\n<\/style><div class=\"vc_column_inner td_uid_16_69dfc41cb7ca5_rand  wpb_column vc_column_container tdc-inner-column td-pb-span4\">\n<style scoped>\n\n\/* custom css *\/\n.td_uid_16_69dfc41cb7ca5_rand {\n                    vertical-align: baseline;\n                }\n<\/style><div class=\"vc_column-inner\"><div class=\"wpb_wrapper\">\n\n<img loading=\"lazy\" decoding=\"async\" class=\"alignnone wp-image-3325 size-full\" src=\"https:\/\/dzungla.net\/radio-live\/wp-content\/uploads\/2025\/08\/radio_metar.png\" alt=\"\" width=\"300\" height=\"140\" \/>\n\n<\/div><\/div><\/div><div class=\"vc_column_inner td_uid_17_69dfc41cb7cd6_rand  wpb_column vc_column_container tdc-inner-column td-pb-span8\">\n<style scoped>\n\n\/* custom css *\/\n.td_uid_17_69dfc41cb7cd6_rand {\n                    vertical-align: baseline;\n                }\n<\/style><div class=\"vc_column-inner\"><div class=\"wpb_wrapper\">\n<p style=\"text-align: justify;\"><strong>&#8220;Radio metar&#8221;<\/strong> &#8211; poslijepodnevni talk show program ponedeljkom, srijedom i petkom u terminu od 16:20 do 19:00 \u010dasa. Ugodno i opu\u0161teno dnevno dru\u017eenje uz kontakt sa slu\u0161aocima putem viber poruka na broj 063\/999-767, zanimljive pri\u010de, de\u0161avanja \u0161irom svijeta i odli\u010dnu muziku. Idealan na\u010din da provedete prijatan ostatak radnog dana uz radio i u\u017eivate uz najbolje aktuelne hitove.<\/p>\n<\/div><\/div><\/div><\/div><div class=\"vc_row_inner td_uid_18_69dfc41cb7d06_rand  vc_row vc_inner wpb_row td-pb-row\" >\n<style scoped>\n\n\/* custom css *\/\n.td_uid_18_69dfc41cb7d06_rand {\n                    position: relative !important;\n                    top: 0;\n                    transform: none;\n                    -webkit-transform: none;\n                }\n<\/style><div class=\"vc_column_inner td_uid_19_69dfc41cb7d72_rand  wpb_column vc_column_container tdc-inner-column td-pb-span4\">\n<style scoped>\n\n\/* custom css *\/\n.td_uid_19_69dfc41cb7d72_rand {\n                    vertical-align: baseline;\n                }\n<\/style><div class=\"vc_column-inner\"><div class=\"wpb_wrapper\">\n\n<img loading=\"lazy\" decoding=\"async\" class=\"alignnone wp-image-3326 size-medium\" src=\"https:\/\/dzungla.net\/radio-live\/wp-content\/uploads\/2025\/08\/hit_dana-300x140.jpg\" alt=\"\" width=\"300\" height=\"140\" srcset=\"https:\/\/dzungla.net\/radio-live\/wp-content\/uploads\/2025\/08\/hit_dana-300x140.jpg 300w, https:\/\/dzungla.net\/radio-live\/wp-content\/uploads\/2025\/08\/hit_dana.jpg 420w\" sizes=\"auto, (max-width: 300px) 100vw, 300px\" \/>\n\n<\/div><\/div><\/div><div class=\"vc_column_inner td_uid_20_69dfc41cb7da4_rand  wpb_column vc_column_container tdc-inner-column td-pb-span8\">\n<style scoped>\n\n\/* custom css *\/\n.td_uid_20_69dfc41cb7da4_rand {\n                    vertical-align: baseline;\n                }\n<\/style><div class=\"vc_column-inner\"><div class=\"wpb_wrapper\">\n<p style=\"text-align: justify;\"><strong>&#8220;Hit dana&#8221;<\/strong> &#8211; emisija koja donosi mnogo zabave, jer svakog radnog dana od ponedeljka do petka od 13:00 do 13:15 \u010dasova, uz pomo\u0107 na\u0161ih slu\u0161alaca, biramo &#8220;Hit dana&#8221;. Koncept emisije je veoma jednostavan: slu\u0161aoci imaju mogu\u0107nost izbora izme\u0111u tri pjesme, te da glasaju za svog favorita porukama putem vibera na broj 063\/999-767. Ali, pobjedu mo\u017ee da osvoji samo onaj izvo\u0111a\u010d koji dobije najvi\u0161e glasova putem vibera i na\u0111e se na vrhu liste. I tako iz dana u dan, a na kraju sedmice, subotom u 13:00 \u010dasova, slijedi izbor za &#8220;Hit sedmice&#8221;.<\/p>\n<\/div><\/div><\/div><\/div><div class=\"vc_row_inner td_uid_21_69dfc41cb7dd5_rand  vc_row vc_inner wpb_row td-pb-row\" >\n<style scoped>\n\n\/* custom css *\/\n.td_uid_21_69dfc41cb7dd5_rand {\n                    position: relative !important;\n                    top: 0;\n                    transform: none;\n                    -webkit-transform: none;\n                }\n<\/style><div class=\"vc_column_inner td_uid_22_69dfc41cb7e38_rand  wpb_column vc_column_container tdc-inner-column td-pb-span4\">\n<style scoped>\n\n\/* custom css *\/\n.td_uid_22_69dfc41cb7e38_rand {\n                    vertical-align: baseline;\n                }\n<\/style><div class=\"vc_column-inner\"><div class=\"wpb_wrapper\">\n\n<img loading=\"lazy\" decoding=\"async\" class=\"alignnone wp-image-3327 size-full\" src=\"https:\/\/dzungla.net\/radio-live\/wp-content\/uploads\/2025\/08\/dzungla_magazin.png\" alt=\"\" width=\"300\" height=\"140\" \/>\n\n<\/div><\/div><\/div><div class=\"vc_column_inner td_uid_23_69dfc41cb7e68_rand  wpb_column vc_column_container tdc-inner-column td-pb-span8\">\n<style scoped>\n\n\/* custom css *\/\n.td_uid_23_69dfc41cb7e68_rand {\n                    vertical-align: baseline;\n                }\n<\/style><div class=\"vc_column-inner\"><div class=\"wpb_wrapper\">\n<p style=\"text-align: justify;\"><strong>&#8220;D\u017eungla magazin&#8221;<\/strong> &#8211; dnevna varijanta laganog dru\u017eenja sa slu\u0161aocima uz zanimljive informacije iz regije. Dok se vra\u0107ate sa posla, privodite radni dan kraju ili putujete automobilom ku\u0107i, pravo je vrijeme za magazin koji donosi interesantne sadr\u017eaje o svakodnevnom \u017eivotu i stilu \u017eivljenja. Emitovanje radnim danima od ponedeljaka do petka od 14:40 do 16:00 \u010dasova.<\/p>\n<\/div><\/div><\/div><\/div><\/div><\/div><\/div><\/div>\n\n<\/div><\/div>","protected":false},"excerpt":{"rendered":"","protected":false},"author":1,"featured_media":0,"parent":0,"menu_order":0,"comment_status":"open","ping_status":"closed","template":"","meta":{"footnotes":""},"class_list":["post-145","page","type-page","status-publish"],"_links":{"self":[{"href":"https:\/\/dzungla.net\/radio-live\/wp-json\/wp\/v2\/pages\/145","targetHints":{"allow":["GET"]}}],"collection":[{"href":"https:\/\/dzungla.net\/radio-live\/wp-json\/wp\/v2\/pages"}],"about":[{"href":"https:\/\/dzungla.net\/radio-live\/wp-json\/wp\/v2\/types\/page"}],"author":[{"embeddable":true,"href":"https:\/\/dzungla.net\/radio-live\/wp-json\/wp\/v2\/users\/1"}],"replies":[{"embeddable":true,"href":"https:\/\/dzungla.net\/radio-live\/wp-json\/wp\/v2\/comments?post=145"}],"version-history":[{"count":36,"href":"https:\/\/dzungla.net\/radio-live\/wp-json\/wp\/v2\/pages\/145\/revisions"}],"predecessor-version":[{"id":3345,"href":"https:\/\/dzungla.net\/radio-live\/wp-json\/wp\/v2\/pages\/145\/revisions\/3345"}],"wp:attachment":[{"href":"https:\/\/dzungla.net\/radio-live\/wp-json\/wp\/v2\/media?parent=145"}],"curies":[{"name":"wp","href":"https:\/\/api.w.org\/{rel}","templated":true}]}}