{"id":134,"date":"2019-12-07T14:16:01","date_gmt":"2019-12-07T14:16:01","guid":{"rendered":"https:\/\/dzungla.net\/radio-live\/?page_id=134"},"modified":"2025-03-20T09:04:27","modified_gmt":"2025-03-20T08:04:27","slug":"o-nama","status":"publish","type":"page","link":"https:\/\/dzungla.net\/radio-live\/o-nama\/","title":{"rendered":"O nama"},"content":{"rendered":"<div id=\"td_uid_1_69f44ca021466\" class=\"tdc-zone\"><div class=\"tdc_zone td_uid_1_69f44ca02146b_rand  wpb_row td-pb-row\"  >\n<style scoped>\n\n\/* custom css *\/\n.td_uid_1_69f44ca02146b_rand {\n                    min-height: 0;\n                }\n<\/style>\n\n<div id=\"td_uid_2_69f44ca021775\" class=\"tdc-row\"><div class=\"vc_row td_uid_2_69f44ca021778_rand  wpb_row td-pb-row\" >\n<style scoped>\n\n\/* custom css *\/\n.td_uid_2_69f44ca021778_rand {\n                    min-height: 0;\n                }\n<\/style><div class=\"vc_column td_uid_3_69f44ca021899_rand  wpb_column vc_column_container tdc-column td-pb-span12\">\n<style scoped>\n\n\/* custom css *\/\n.td_uid_3_69f44ca021899_rand {\n                    vertical-align: baseline;\n                }\n<\/style><div class=\"wpb_wrapper\"><div class=\"td_block_wrap td_block_title td_uid_4_69f44ca021a11_rand td-pb-border-top td_block_template_1\"  data-td-block-uid=\"td_uid_4_69f44ca021a11\" >\n<style>\n\n\/* inline tdc_css att *\/\n\n.td_uid_4_69f44ca021a11_rand{\nmargin-bottom:0px !important;\npadding-bottom:0px !important;\n}\n\n<\/style>\n<style>\n\/* custom css *\/\n.td_uid_4_69f44ca021a11_rand .td-block-title a,\n\t\t\t\t.td_uid_4_69f44ca021a11_rand .td-block-title span {\n\t\t\t\t\tfont-weight:300 !important;text-transform:uppercase !important;\n\t\t\t\t}\n\t\t\t\t\n\t\t\t\t.td_uid_4_69f44ca021a11_rand .td-block-title {\n\t\t\t\t\ttext-align: left;\n\t\t\t\t}\n\t\t\t\t.td_uid_4_69f44ca021a11_rand.td_block_template_17 .td-block-title:after {\n\t\t\t\t\tright: auto;\n\t\t\t\t\tleft: 15px;\n\t\t\t\t}\n<\/style><h4 class=\"block-title td-block-title\"><span class=\"td-pulldown-size\">O nama<\/span><\/h4><div class=\"td_mod_wrap\"><\/div><\/div>\n\n<div id=\"td_uid_4_69f44ca021c9c\" class=\"tdc-row\"><div class=\"vc_row td_uid_5_69f44ca021c9e_rand  wpb_row td-pb-row\" >\n<style scoped>\n\n\/* custom css *\/\n.td_uid_5_69f44ca021c9e_rand {\n                    min-height: 0;\n                }\n\/* inline tdc_css att *\/\n\n.td_uid_5_69f44ca021c9e_rand{\nmargin-bottom:0px !important;\n}\n\n.td_uid_5_69f44ca021c9e_rand .td_block_wrap{ text-align:left }\n\n<\/style><\/div><\/div><div class=\"vc_column td_uid_6_69f44ca021d8e_rand  wpb_column vc_column_container tdc-column td-pb-span12\">\n<style scoped>\n\n\/* custom css *\/\n.td_uid_6_69f44ca021d8e_rand {\n                    vertical-align: baseline;\n                }\n<\/style><div class=\"wpb_wrapper\"><\/div><\/div><\/div><\/div><\/div><\/div>\n\n<div id=\"td_uid_6_69f44ca021dd0\" class=\"tdc-row\"><div class=\"vc_row td_uid_7_69f44ca021dd2_rand  wpb_row td-pb-row\" >\n<style scoped>\n\n\/* custom css *\/\n.td_uid_7_69f44ca021dd2_rand {\n                    min-height: 0;\n                }\n<\/style><div class=\"vc_column td_uid_8_69f44ca021ec4_rand  wpb_column vc_column_container tdc-column td-pb-span6\">\n<style scoped>\n\n\/* custom css *\/\n.td_uid_8_69f44ca021ec4_rand {\n                    vertical-align: baseline;\n                }\n<\/style><div class=\"wpb_wrapper\"><div class=\"wpb_wrapper wpb_text_column td_block_wrap td_block_wrap vc_column_text td_uid_9_69f44ca021f6c_rand  tagdiv-type td-pb-border-top td_block_template_1\"  data-td-block-uid=\"td_uid_9_69f44ca021f6c\" ><div class=\"td-block-title-wrap\"><\/div><div class=\"td-fix-index\"><p style=\"text-align: justify;\">\u201cRadio D\u017eungla\u201d iz Doboja po\u010deo je sa radom 22. decembra 1997. godine. Program u vlastitoj produkciji emitujemo 24. \u010dasa dnevno. Prva smo privatna radio stanica na podru\u010dju dobojske regije i finansiramo se iz sredstava koje ostvarimo putem marketinga.<\/p>\n<p style=\"text-align: justify;\">Signalom pokrivamo podru\u010dja regija Doboj, Banja Luka i Kotor Varo\u0161 i za navedene regije posjedujemo dugoro\u010dnu dozvolu za emitovanje programa izdatu od strane Regulatorne agencije za komunikacije (RAK) u BiH. Prema procjenama, na teritoriji koju pokrivamo svojim radijskim signalom, \u017eivi oko 415.570 ljudi.<\/p>\n<p style=\"text-align: justify;\">Program radija se emituje na tri razli\u010dite frekvencije i to u RDS, stereo signalu: regije Doboj i Tuzla FM 101,1 MHz, podru\u010dje grada Doboja i okoline FM 103,6 MHz, te regije Banja Luka, Kotor Varo\u0161 i \u010celinac 92,0 MHz.<\/p>\n<p style=\"text-align: justify;\">Signalom pokrivamo podru\u010dje sjevernog dijela zemlje i na\u0161 signal mo\u017eete pratiti na podru\u010dju: Banja Luke, Lakta\u0161a, Prijedora, Novog Grada, Kozarske Dubice, Gradi\u0161ke, Srpca, Broda, Dervente, Modri\u010de, \u0160amca, Doboja, Stanara, Petrova, Prnjavora, Tesli\u0107a, \u010celinca, Te\u0161nja, Usore, Gra\u010danice, Tuzle.<\/p>\n<p style=\"text-align: justify;\">Program u\u017eivo preko interneta emitujemo putem na\u0161e web stranice: <a href=\"http:\/\/www.dzungla.net\">www.dzungla.net<\/a><\/p>\n<\/div><\/div><\/div><\/div><div class=\"vc_column td_uid_10_69f44ca023de4_rand  wpb_column vc_column_container tdc-column td-pb-span6\">\n<style scoped>\n\n\/* custom css *\/\n.td_uid_10_69f44ca023de4_rand {\n                    vertical-align: baseline;\n                }\n<\/style><div class=\"wpb_wrapper\"><div class=\"wpb_wrapper wpb_text_column td_block_wrap td_block_wrap vc_column_text td_uid_11_69f44ca023f05_rand  tagdiv-type td-pb-border-top td_block_template_1\"  data-td-block-uid=\"td_uid_11_69f44ca023f05\" ><div class=\"td-block-title-wrap\"><\/div><div class=\"td-fix-index\"><p style=\"text-align: justify;\">Prema istra\u017eivanjima slu\u0161anosti, na\u0161 program u istom omjeru prati \u017eenska i mu\u0161ka populacija stanovni\u0161tva. Program u najve\u0107em broju prati populacija od 20. do 55. godina starosti. Tokom dana, udarni termini slu\u0161anosti su od 07. do 10. \u010dasova, od 11. do 14 \u010dasova, te od 15. do 17. \u010dasova.<\/p>\n<p style=\"text-align: justify;\">Tokom proteklih godina rada izrasli smo iz male lokalne radio stanice, sa svega nekoliko zaposlenih, u zapa\u017eenog medijskog partnera koji je obezbjedio svoje mjesto na skali radio prijemnika putem na\u0161ih frekvencija. Marljivim i upornim radom izborili smo se za laskavo mjesto medijskog savjetnika i promotera na\u0161ih poslovnih klijenata, bore\u0107i se samo elementima zdrave konkurencije.<\/p>\n<p style=\"text-align: justify;\">Emitujemo program muzi\u010dko-zabavnog karaktera, bez politike i \u0161irenja negativne energije, lo\u0161ih informacija i dosadne muzike. Nastojimo da svakim danom \u0161irimo porodicu na\u0161ih vjernih slu\u0161alaca, jer kako ka\u017ee jedan d\u017eingl sa po\u010detka na\u0161eg rada: &#8230; budite sre\u0107ni, \u017eivot je zabava, svijet je d\u017eungla &#8230; \ud83d\ude42<\/p>\n<p style=\"text-align: justify;\">Ostvarili smo zapa\u017eenu saradnju sa velikim broj radio i televizijskih stanica u BiH i regionu. \u201cRadio D\u017eungla\u201d je \u010dlanica AEM BiH. Bili smo medijski sponzori brojih kulturnih, zabavnih, muzi\u010dkih i sportskih manifestacija, a na\u0161i \u010desti gosti su brojni estradni umjetnici i muzi\u010dki bendovi.<\/p>\n<\/div><\/div>\n\n<div class=\"vc_row_inner td_uid_12_69f44ca024c59_rand  vc_row vc_inner wpb_row td-pb-row\" >\n<style scoped>\n\n\/* custom css *\/\n.td_uid_12_69f44ca024c59_rand {\n                    position: relative !important;\n                    top: 0;\n                    transform: none;\n                    -webkit-transform: none;\n                }\n<\/style><div class=\"vc_column_inner td_uid_13_69f44ca024d9b_rand  wpb_column vc_column_container tdc-inner-column td-pb-span3\">\n<style scoped>\n\n\/* custom css *\/\n.td_uid_13_69f44ca024d9b_rand {\n                    vertical-align: baseline;\n                }\n<\/style><div class=\"vc_column-inner\"><div class=\"wpb_wrapper\"><\/div><\/div><\/div><div class=\"vc_column_inner td_uid_14_69f44ca024dff_rand  wpb_column vc_column_container tdc-inner-column td-pb-span9\">\n<style scoped>\n\n\/* custom css *\/\n.td_uid_14_69f44ca024dff_rand {\n                    vertical-align: baseline;\n                }\n<\/style><div class=\"vc_column-inner\"><div class=\"wpb_wrapper\"><div class=\"wpb_wrapper wpb_text_column td_block_wrap td_block_wrap vc_column_text td_uid_15_69f44ca024ea0_rand  tagdiv-type td-pb-border-top td_block_template_1\"  data-td-block-uid=\"td_uid_15_69f44ca024ea0\" ><div class=\"td-block-title-wrap\"><\/div><div class=\"td-fix-index\"><\/div><\/div><\/div><\/div><\/div><\/div><\/div><\/div><\/div><\/div>\n\n<\/div><\/div>","protected":false},"excerpt":{"rendered":"","protected":false},"author":1,"featured_media":0,"parent":0,"menu_order":0,"comment_status":"open","ping_status":"closed","template":"","meta":{"footnotes":""},"class_list":["post-134","page","type-page","status-publish"],"_links":{"self":[{"href":"https:\/\/dzungla.net\/radio-live\/wp-json\/wp\/v2\/pages\/134","targetHints":{"allow":["GET"]}}],"collection":[{"href":"https:\/\/dzungla.net\/radio-live\/wp-json\/wp\/v2\/pages"}],"about":[{"href":"https:\/\/dzungla.net\/radio-live\/wp-json\/wp\/v2\/types\/page"}],"author":[{"embeddable":true,"href":"https:\/\/dzungla.net\/radio-live\/wp-json\/wp\/v2\/users\/1"}],"replies":[{"embeddable":true,"href":"https:\/\/dzungla.net\/radio-live\/wp-json\/wp\/v2\/comments?post=134"}],"version-history":[{"count":28,"href":"https:\/\/dzungla.net\/radio-live\/wp-json\/wp\/v2\/pages\/134\/revisions"}],"predecessor-version":[{"id":3287,"href":"https:\/\/dzungla.net\/radio-live\/wp-json\/wp\/v2\/pages\/134\/revisions\/3287"}],"wp:attachment":[{"href":"https:\/\/dzungla.net\/radio-live\/wp-json\/wp\/v2\/media?parent=134"}],"curies":[{"name":"wp","href":"https:\/\/api.w.org\/{rel}","templated":true}]}}